{"id":987,"date":"2020-01-01T12:20:22","date_gmt":"2020-01-01T11:20:22","guid":{"rendered":"http:\/\/iglinski.pl\/?page_id=987"},"modified":"2020-08-06T12:40:51","modified_gmt":"2020-08-06T10:40:51","slug":"zakres-uslug","status":"publish","type":"page","link":"https:\/\/iglinski.pl\/index.php\/zakres-uslug\/","title":{"rendered":"zakres us\u0142ug"},"content":{"rendered":"\t\t<div data-elementor-type=\"wp-page\" data-elementor-id=\"987\" class=\"elementor elementor-987\">\n\t\t\t\t\t\t<section class=\"has_eae_slider elementor-section elementor-top-section elementor-element elementor-element-43d74020 elementor-section-height-min-height elementor-section-full_width elementor-section-items-bottom elementor-section-height-default\" data-id=\"43d74020\" data-element_type=\"section\" data-settings=\"{&quot;background_background&quot;:&quot;classic&quot;}\">\n\t\t\t\t\t\t<div class=\"elementor-container elementor-column-gap-default\">\n\t\t\t\t\t<div class=\"has_eae_slider elementor-column elementor-col-100 elementor-top-column elementor-element elementor-element-f73dd8e\" data-id=\"f73dd8e\" data-element_type=\"column\">\n\t\t\t<div class=\"elementor-widget-wrap\">\n\t\t\t\t\t\t\t<\/div>\n\t\t<\/div>\n\t\t\t\t\t<\/div>\n\t\t<\/section>\n\t\t\t\t<section class=\"has_eae_slider elementor-section elementor-top-section elementor-element elementor-element-41bd54c7 elementor-section-content-middle elementor-section-full_width elementor-section-height-default elementor-section-height-default\" data-id=\"41bd54c7\" data-element_type=\"section\" id=\"frank\">\n\t\t\t\t\t\t<div class=\"elementor-container elementor-column-gap-no\">\n\t\t\t\t\t<div class=\"has_eae_slider elementor-column elementor-col-50 elementor-top-column elementor-element elementor-element-554f6af3\" data-id=\"554f6af3\" data-element_type=\"column\" data-settings=\"{&quot;background_background&quot;:&quot;classic&quot;}\">\n\t\t\t<div class=\"elementor-widget-wrap elementor-element-populated\">\n\t\t\t\t\t\t<div class=\"elementor-element elementor-element-591cb01d elementor-widget-divider--view-line elementor-widget elementor-widget-divider\" data-id=\"591cb01d\" data-element_type=\"widget\" data-widget_type=\"divider.default\">\n\t\t\t\t<div class=\"elementor-widget-container\">\n\t\t\t\t\t<div class=\"elementor-divider\">\n\t\t\t<span class=\"elementor-divider-separator\">\n\t\t\t\t\t\t<\/span>\n\t\t<\/div>\n\t\t\t\t<\/div>\n\t\t\t\t<\/div>\n\t\t\t\t<div class=\"elementor-element elementor-element-6615153 elementor-widget elementor-widget-heading\" data-id=\"6615153\" data-element_type=\"widget\" data-widget_type=\"heading.default\">\n\t\t\t\t<div class=\"elementor-widget-container\">\n\t\t\t<h2 class=\"elementor-heading-title elementor-size-default\">zakres us\u0142ug<\/h2>\t\t<\/div>\n\t\t\t\t<\/div>\n\t\t\t\t<div class=\"elementor-element elementor-element-d574274 elementor-widget elementor-widget-heading\" data-id=\"d574274\" data-element_type=\"widget\" data-widget_type=\"heading.default\">\n\t\t\t\t<div class=\"elementor-widget-container\">\n\t\t\t<h6 class=\"elementor-heading-title elementor-size-default\">Obszar aktywno\u015bci<\/h6>\t\t<\/div>\n\t\t\t\t<\/div>\n\t\t\t\t\t<\/div>\n\t\t<\/div>\n\t\t\t\t<div class=\"has_eae_slider elementor-column elementor-col-50 elementor-top-column elementor-element elementor-element-7954726b\" data-id=\"7954726b\" data-element_type=\"column\" data-settings=\"{&quot;background_background&quot;:&quot;classic&quot;}\">\n\t\t\t<div class=\"elementor-widget-wrap elementor-element-populated\">\n\t\t\t\t\t\t<div class=\"elementor-element elementor-element-709bf1b elementor-widget elementor-widget-text-editor\" data-id=\"709bf1b\" data-element_type=\"widget\" data-widget_type=\"text-editor.default\">\n\t\t\t\t<div class=\"elementor-widget-container\">\n\t\t\t\t\t\t\t<p style=\"font-weight: 400;\">SPECJALIZUJEMY SI\u0118 W TZW.\u00a0<strong>SPRAWACH FRANKOWYCH<\/strong>, A W TYM W:<\/p>\n\n<ul style=\"font-weight: 400;\">\n \t<li>umowach kredytowych indeksowanych lub denominowanych do CHF, EURO i in., co w praktyce oznacza doprowadzenie do\u00a0<strong>uniewa\u017cnienia<\/strong>\u00a0<strong>umowy\u00a0<\/strong>(tzw. \u201eodfrankowienie\u201d umowy kredytu):\n<ul>\n \t<li style=\"list-style-type: none;\">\n<ul>\n \t<li>w ca\u0142o\u015bci \u2013 w konsekwencji\u00a0\u00a0<strong>roszczenie o zwrot nadp\u0142aty przez bank<\/strong>\u00a0lub<\/li>\n \t<li>w cz\u0119\u015bci, czyli ustalenie sp\u0142at, jak dla kredyt\u00f3w z\u0142otowych<\/li>\n<\/ul>\n<\/li>\n<\/ul>\n<ul>\n \t<li>post\u0119powaniu przed Rzecznikiem Finansowym \u2013 przed, ewentualnie zamiast, post\u0119powania s\u0105dowego<\/li>\n \t<li>kompleksowym za\u0142atwianiu spraw zwi\u0105zanych z ksi\u0119gami wieczystymi (w tym wykre\u015blenie hipoteki, zabezpieczaj\u0105cej kredyt w CHF) by uzyska\u0107 nieruchomo\u015b\u0107 woln\u0105 od finansowych obci\u0105\u017ce\u0144<\/li>\n<\/ul>\n<\/li>\n<\/ul>\n<section id=\"spory\"><\/section>\n<span style=\"font-weight: 400;\">PROWADZIMY <strong>SPORY<\/strong>:<\/span>\n<ul>\n \t<li style=\"font-weight: 400;\"><span style=\"font-weight: 400;\"><b>RODZINNE<\/b>\u00a0O:<\/span>\n<ul>\n \t<li style=\"font-weight: 400;\"><span style=\"font-weight: 400;\">rozw\u00f3d z orzeczeniem winy, bez orzekania o winie (wraz z podzia\u0142em maj\u0105tku na zgodny wniosek stron)<\/span><\/li>\n \t<li style=\"font-weight: 400;\"><span style=\"font-weight: 400;\">separacj\u0119\u00a0<\/span><\/li>\n \t<li style=\"font-weight: 400;\"><span style=\"font-weight: 400;\">alimenty dla wsp\u00f3\u0142ma\u0142\u017conka, dla dzieci, a w tym r\u00f3wnie\u017c o wyga\u015bni\u0119cie obowi\u0105zku alimentacyjnego,<\/span><\/li>\n \t<li style=\"font-weight: 400;\"><span style=\"font-weight: 400;\">kontakty z dzie\u0107mi,<\/span><\/li>\n \t<li style=\"font-weight: 400;\"><span style=\"font-weight: 400;\">w\u0142adz\u0119 rodzicielsk\u0105: o jej ograniczenie, pozbawienie, jak r\u00f3wnie\u017c w zakresie tzw. porozumie\u0144 rodzicielskich,<\/span><\/li>\n<\/ul>\n<\/li>\n<\/ul>\n<ul>\n \t<li><b>GOSPODARCZE:<\/b>\n<ul style=\"font-weight: 400;\">\n \t<li style=\"font-weight: 400;\"><span style=\"font-weight: 400;\">o zap\u0142at\u0119 za towar, us\u0142ugi, roboty budowlane, dostaw\u0119,<\/span><\/li>\n \t<li style=\"font-weight: 400;\"><span style=\"font-weight: 400;\">z umowy leasingu,<\/span><\/li>\n \t<li style=\"font-weight: 400;\"><span style=\"font-weight: 400;\">odszkodowawcze \u2013 za niewykonanie lub niew\u0142a\u015bciwe wykonanie kontraktu, z kar umownych,<\/span><\/li>\n \t<li style=\"font-weight: 400;\"><span style=\"font-weight: 400;\">o czyny nieuczciwej konkurencji,\u00a0<\/span><\/li>\n<\/ul>\n<\/li>\n<\/ul>\n<ul>\n \t<li><b>PRZECIWKO INSTYTUCJOM FINANSOWYM:<\/b>\n<ul style=\"font-weight: 400;\">\n \t<li style=\"font-weight: 400;\"><span style=\"font-weight: 400;\">ubezpieczeniowe:<\/span>\n<ul>\n \t<li style=\"font-weight: 400;\"><span style=\"font-weight: 400;\">maj\u0105tkowe (komunikacyjne, roszczenia po po\u017carze, zalaniu nieruchomo\u015bci),<\/span><\/li>\n \t<li style=\"font-weight: 400;\"><span style=\"font-weight: 400;\">osobiste (polisy na \u017cycie, z tytu\u0142u OC, w tym r\u00f3wnie\u017c przeciwko profesjonalistom, podlegaj\u0105cym obowi\u0105zkowym ubezpieczeniom),<\/span><\/li>\n<\/ul>\n<\/li>\n \t<li style=\"font-weight: 400;\"><span style=\"font-weight: 400;\">przeciwko windykatorom,<\/span><\/li>\n<\/ul>\n<\/li>\n<\/ul>\n<ul>\n \t<li><b>PRACOWNICZE\u00a0<\/b>(wyst\u0119pujemy zar\u00f3wno po stronie pracodawcy, jak i pracownika):\n<ul style=\"font-weight: 400;\">\n \t<li style=\"list-style-type: none;\">\n<ul>\n \t<li style=\"font-weight: 400;\"><span style=\"font-weight: 400;\">zwolnienia dyscyplinarne,<\/span><\/li>\n \t<li style=\"font-weight: 400;\"><span style=\"font-weight: 400;\">zwolnienia za wypowiedzeniem,<\/span><\/li>\n<\/ul>\n<\/li>\n<\/ul>\n<ul style=\"font-weight: 400;\">\n \t<li style=\"font-weight: 400;\"><span style=\"font-weight: 400;\">kary porz\u0105dkowe,<\/span><\/li>\n \t<li style=\"font-weight: 400;\"><span style=\"font-weight: 400;\">\u015bwiadectwo pracy (zmiana, sprostowanie).<\/span><\/li>\n<\/ul>\n<\/li>\n<\/ul>\n<span style=\"font-weight: 400;\">Ch\u0119tnie anga\u017cujemy si\u0119 tak\u017ce w <\/span><b>mediacje<\/b><span style=\"font-weight: 400;\"> lub inne <\/span><b>pozas\u0105dowe sposoby rozwi\u0105zywania spor\u00f3w<\/b><span style=\"font-weight: 400;\">.\u00a0<\/span>\n\n<span style=\"font-weight: 400;\">\u00a0<\/span>\n<br><br>\n<section id=\"nieruchomosci\"><\/section>SPECJALIZUJEMY SI\u0118 W SPRAWACH DOTYCZ\u0104CYCH <b>NIERUCHOMO\u015aCI<\/b>, M.IN.:\n<ul>\n \t<li style=\"font-weight: 400;\"><span style=\"font-weight: 400;\">regulowanie przed s\u0105dem prawa w\u0142asno\u015bci (w tym dokonywanie wpis\u00f3w w ksi\u0119gach wieczystych), np. uzgodnienie w post\u0119powaniu tre\u015bci ksi\u0119gi wieczystej z rzeczywistym stanem prawnym<\/span><\/li>\n \t<li style=\"font-weight: 400;\"><span style=\"font-weight: 400;\">spory dot. ucieczek d\u0142u\u017cnik\u00f3w z maj\u0105tkiem nieruchomym przed windykacj\u0105 (dot. fikcyjnych um\u00f3w darowizny, sprzeda\u017cy nieruchomo\u015bci),<\/span><\/li>\n \t<li style=\"font-weight: 400;\"><span style=\"font-weight: 400;\">zniesienie wsp\u00f3\u0142w\u0142asno\u015bci nieruchomo\u015bci,<\/span><\/li>\n \t<li style=\"font-weight: 400;\"><span style=\"font-weight: 400;\">przygotowywanie i negocjowanie um\u00f3w:<\/span>\n<ul>\n \t<li style=\"font-weight: 400;\"><span style=\"font-weight: 400;\">najmu:<\/span><\/li>\n<\/ul>\n<ul>\n \t<li style=\"list-style-type: none;\">\n<ul>\n \t<li style=\"list-style-type: none;\">\n<ul>\n \t<li style=\"font-weight: 400;\"><span style=\"font-weight: 400;\">komercyjnego (lokali u\u017cytkowych, w tym wielkopowierzchniowych),<\/span><\/li>\n \t<li style=\"font-weight: 400;\"><span style=\"font-weight: 400;\">lokali mieszkalnych,<\/span><\/li>\n<\/ul>\n<\/li>\n \t<li style=\"list-style-type: none;\">\n<ul>\n \t<li style=\"font-weight: 400;\"><span style=\"font-weight: 400;\">w procesie inwestycyjno-budowlanym,<\/span><\/li>\n \t<li style=\"font-weight: 400;\"><span style=\"font-weight: 400;\">nabywanie nieruchomo\u015bci przez cudzoziemc\u00f3w.<\/span><\/li>\n<\/ul>\n<\/li>\n<\/ul>\n<\/li>\n<\/ul>\n<\/li>\n<\/ul>\t\t\t\t\t\t<\/div>\n\t\t\t\t<\/div>\n\t\t\t\t\t<\/div>\n\t\t<\/div>\n\t\t\t\t\t<\/div>\n\t\t<\/section>\n\t\t\t\t<section class=\"has_eae_slider elementor-section elementor-top-section elementor-element elementor-element-0487390 elementor-section-full_width elementor-section-height-default elementor-section-height-default\" data-id=\"0487390\" data-element_type=\"section\">\n\t\t\t\t\t\t<div class=\"elementor-container elementor-column-gap-default\">\n\t\t\t\t\t<div class=\"has_eae_slider elementor-column elementor-col-100 elementor-top-column elementor-element elementor-element-48f7dc0\" data-id=\"48f7dc0\" data-element_type=\"column\">\n\t\t\t<div class=\"elementor-widget-wrap elementor-element-populated\">\n\t\t\t\t\t\t<div class=\"elementor-element elementor-element-c2285d1 elementor-widget-divider--view-line_icon elementor-view-default elementor-widget-divider--element-align-center elementor-widget elementor-widget-divider\" data-id=\"c2285d1\" data-element_type=\"widget\" data-widget_type=\"divider.default\">\n\t\t\t\t<div class=\"elementor-widget-container\">\n\t\t\t\t\t<div class=\"elementor-divider\">\n\t\t\t<span class=\"elementor-divider-separator\">\n\t\t\t\t\t\t\t<div class=\"elementor-icon elementor-divider__element\">\n\t\t\t\t\t<svg xmlns=\"http:\/\/www.w3.org\/2000\/svg\" xmlns:xlink=\"http:\/\/www.w3.org\/1999\/xlink\" id=\"Capa_1\" x=\"0px\" y=\"0px\" viewBox=\"0 0 511.496 511.496\" style=\"enable-background:new 0 0 511.496 511.496;\" xml:space=\"preserve\"><g>\t<g>\t\t<g>\t\t\t<path d=\"M453.615,151.355l28.288-14.96c-5.317-10.048-11.293-19.733-17.888-28.992l-26.064,18.576     C443.731,134.08,448.964,142.557,453.615,151.355z\"><\/path>\t\t\t<path d=\"M419.055,102.891l23.36-21.872c-7.775-8.306-16.092-16.089-24.896-23.296l-20.256,24.768     C404.971,88.8,412.252,95.615,419.055,102.891z\"><\/path>\t\t\t<path d=\"M495.791,167.563l-30.032,11.04c42.696,116.111-16.819,244.849-132.93,287.544     c-116.111,42.696-244.849-16.819-287.544-132.93S62.104,88.369,178.214,45.674c64.469-23.706,136.251-16.523,194.744,19.49     l16.816-27.2C269.496-36.048,111.992,1.46,37.981,121.739S1.477,399.521,121.756,473.533     c120.279,74.011,277.783,36.504,351.794-83.775C514.62,323.013,522.816,241.123,495.791,167.563z\"><\/path>\t\t\t<polygon points=\"351.455,159.899 351.455,127.899 191.455,127.899 191.455,319.899 127.455,319.899 127.455,351.899      191.455,351.899 191.455,415.899 223.455,415.899 223.455,351.899 287.455,351.899 287.455,319.899 223.455,319.899      223.455,255.899 319.455,255.899 319.455,223.899 223.455,223.899 223.455,159.899    \"><\/polygon>\t\t<\/g>\t<\/g><\/g><g><\/g><g><\/g><g><\/g><g><\/g><g><\/g><g><\/g><g><\/g><g><\/g><g><\/g><g><\/g><g><\/g><g><\/g><g><\/g><g><\/g><g><\/g><\/svg><\/div>\n\t\t\t\t\t\t<\/span>\n\t\t<\/div>\n\t\t\t\t<\/div>\n\t\t\t\t<\/div>\n\t\t\t\t\t<\/div>\n\t\t<\/div>\n\t\t\t\t\t<\/div>\n\t\t<\/section>\n\t\t\t\t<\/div>\n\t\t","protected":false},"excerpt":{"rendered":"<p>zakres us\u0142ug Obszar aktywno\u015bci SPECJALIZUJEMY SI\u0118 W TZW.\u00a0SPRAWACH FRANKOWYCH, A W TYM W: umowach kredytowych indeksowanych lub denominowanych do CHF, EURO i in., co w praktyce oznacza doprowadzenie do\u00a0uniewa\u017cnienia\u00a0umowy\u00a0(tzw. \u201eodfrankowienie\u201d umowy kredytu): w ca\u0142o\u015bci \u2013 w konsekwencji\u00a0\u00a0roszczenie o zwrot nadp\u0142aty przez bank\u00a0lub w cz\u0119\u015bci, czyli ustalenie sp\u0142at, jak dla kredyt\u00f3w z\u0142otowych post\u0119powaniu przed Rzecznikiem Finansowym &hellip;<\/p>\n<p class=\"read-more\"> <a class=\"\" href=\"https:\/\/iglinski.pl\/index.php\/zakres-uslug\/\"> <span class=\"screen-reader-text\">zakres us\u0142ug<\/span> Read More &raquo;<\/a><\/p>\n","protected":false},"author":1,"featured_media":0,"parent":0,"menu_order":0,"comment_status":"closed","ping_status":"closed","template":"","meta":{"_uag_custom_page_level_css":"","footnotes":""},"uagb_featured_image_src":{"full":false,"thumbnail":false,"medium":false,"medium_large":false,"large":false,"1536x1536":false,"2048x2048":false,"blog-list-post-size":false},"uagb_author_info":{"display_name":"amilek","author_link":"https:\/\/iglinski.pl\/index.php\/author\/mczarniecki\/"},"uagb_comment_info":0,"uagb_excerpt":"zakres us\u0142ug Obszar aktywno\u015bci SPECJALIZUJEMY SI\u0118 W TZW.\u00a0SPRAWACH FRANKOWYCH, A W TYM W: umowach kredytowych indeksowanych lub denominowanych do CHF, EURO i in., co w praktyce oznacza doprowadzenie do\u00a0uniewa\u017cnienia\u00a0umowy\u00a0(tzw. \u201eodfrankowienie\u201d umowy kredytu): w ca\u0142o\u015bci \u2013 w konsekwencji\u00a0\u00a0roszczenie o zwrot nadp\u0142aty przez bank\u00a0lub w cz\u0119\u015bci, czyli ustalenie sp\u0142at, jak dla kredyt\u00f3w z\u0142otowych post\u0119powaniu przed Rzecznikiem Finansowym&hellip;","_links":{"self":[{"href":"https:\/\/iglinski.pl\/index.php\/wp-json\/wp\/v2\/pages\/987"}],"collection":[{"href":"https:\/\/iglinski.pl\/index.php\/wp-json\/wp\/v2\/pages"}],"about":[{"href":"https:\/\/iglinski.pl\/index.php\/wp-json\/wp\/v2\/types\/page"}],"author":[{"embeddable":true,"href":"https:\/\/iglinski.pl\/index.php\/wp-json\/wp\/v2\/users\/1"}],"replies":[{"embeddable":true,"href":"https:\/\/iglinski.pl\/index.php\/wp-json\/wp\/v2\/comments?post=987"}],"version-history":[{"count":42,"href":"https:\/\/iglinski.pl\/index.php\/wp-json\/wp\/v2\/pages\/987\/revisions"}],"predecessor-version":[{"id":1233,"href":"https:\/\/iglinski.pl\/index.php\/wp-json\/wp\/v2\/pages\/987\/revisions\/1233"}],"wp:attachment":[{"href":"https:\/\/iglinski.pl\/index.php\/wp-json\/wp\/v2\/media?parent=987"}],"curies":[{"name":"wp","href":"https:\/\/api.w.org\/{rel}","templated":true}]}}