{"id":617,"date":"2019-12-21T16:33:29","date_gmt":"2019-12-21T15:33:29","guid":{"rendered":"http:\/\/iglinski.pl\/?page_id=617"},"modified":"2023-01-18T17:44:09","modified_gmt":"2023-01-18T16:44:09","slug":"zespol","status":"publish","type":"page","link":"https:\/\/iglinski.pl\/index.php\/zespol\/","title":{"rendered":"Zesp\u00f3\u0142"},"content":{"rendered":"\t\t<div data-elementor-type=\"wp-page\" data-elementor-id=\"617\" class=\"elementor elementor-617\">\n\t\t\t\t\t\t<section class=\"has_eae_slider elementor-section elementor-top-section elementor-element elementor-element-43d74020 elementor-section-height-min-height elementor-section-full_width elementor-section-items-bottom elementor-section-height-default\" data-id=\"43d74020\" data-element_type=\"section\" data-settings=\"{&quot;background_background&quot;:&quot;classic&quot;}\">\n\t\t\t\t\t\t<div class=\"elementor-container elementor-column-gap-default\">\n\t\t\t\t\t<div class=\"has_eae_slider elementor-column elementor-col-100 elementor-top-column elementor-element elementor-element-f73dd8e\" data-id=\"f73dd8e\" data-element_type=\"column\">\n\t\t\t<div class=\"elementor-widget-wrap\">\n\t\t\t\t\t\t\t<\/div>\n\t\t<\/div>\n\t\t\t\t\t<\/div>\n\t\t<\/section>\n\t\t\t\t<section class=\"has_eae_slider elementor-section elementor-top-section elementor-element elementor-element-41bd54c7 elementor-section-content-middle elementor-section-full_width elementor-section-height-default elementor-section-height-default\" data-id=\"41bd54c7\" data-element_type=\"section\">\n\t\t\t\t\t\t<div class=\"elementor-container elementor-column-gap-no\">\n\t\t\t\t\t<div class=\"has_eae_slider elementor-column elementor-col-50 elementor-top-column elementor-element elementor-element-554f6af3\" data-id=\"554f6af3\" data-element_type=\"column\" data-settings=\"{&quot;background_background&quot;:&quot;classic&quot;}\">\n\t\t\t<div class=\"elementor-widget-wrap elementor-element-populated\">\n\t\t\t\t\t\t<div class=\"elementor-element elementor-element-591cb01d elementor-widget-divider--view-line elementor-widget elementor-widget-divider\" data-id=\"591cb01d\" data-element_type=\"widget\" data-widget_type=\"divider.default\">\n\t\t\t\t<div class=\"elementor-widget-container\">\n\t\t\t\t\t<div class=\"elementor-divider\">\n\t\t\t<span class=\"elementor-divider-separator\">\n\t\t\t\t\t\t<\/span>\n\t\t<\/div>\n\t\t\t\t<\/div>\n\t\t\t\t<\/div>\n\t\t\t\t<div class=\"elementor-element elementor-element-6615153 elementor-widget elementor-widget-heading\" data-id=\"6615153\" data-element_type=\"widget\" data-widget_type=\"heading.default\">\n\t\t\t\t<div class=\"elementor-widget-container\">\n\t\t\t<h2 class=\"elementor-heading-title elementor-size-default\">Nasz Zesp\u00f3\u0142<\/h2>\t\t<\/div>\n\t\t\t\t<\/div>\n\t\t\t\t<div class=\"elementor-element elementor-element-aa3fc1c elementor-widget elementor-widget-heading\" data-id=\"aa3fc1c\" data-element_type=\"widget\" data-widget_type=\"heading.default\">\n\t\t\t\t<div class=\"elementor-widget-container\">\n\t\t\t<h2 class=\"elementor-heading-title elementor-size-default\">O nas<\/h2>\t\t<\/div>\n\t\t\t\t<\/div>\n\t\t\t\t\t<\/div>\n\t\t<\/div>\n\t\t\t\t<div class=\"has_eae_slider elementor-column elementor-col-50 elementor-top-column elementor-element elementor-element-7954726b\" data-id=\"7954726b\" data-element_type=\"column\" data-settings=\"{&quot;background_background&quot;:&quot;classic&quot;}\">\n\t\t\t<div class=\"elementor-widget-wrap elementor-element-populated\">\n\t\t\t\t\t\t<div class=\"elementor-element elementor-element-4f61f0db elementor-widget elementor-widget-text-editor\" data-id=\"4f61f0db\" data-element_type=\"widget\" data-widget_type=\"text-editor.default\">\n\t\t\t\t<div class=\"elementor-widget-container\">\n\t\t\t\t\t\t\t<p align=\"justify\">Chcemy dawa\u0107 wi\u0119cej. Do blisko 20 lat procesowego do\u015bwiadczenia dodajemy zaanga\u017cowanie, uczciwo\u015b\u0107, komunikatywno\u015b\u0107 i empati\u0119. \u00a0<strong>W skr\u00f3cie: fachowo\u015b\u0107 plus znacznie wi\u0119cej.<\/strong> Od lat realizowali\u015bmy w s\u0105dach sprawy trudne. Dlatego zaj\u0119li\u015bmy si\u0119 sprawami frankowymi. Zobacz nasze do\u015bwiadczenie.<\/p>\t\t\t\t\t\t<\/div>\n\t\t\t\t<\/div>\n\t\t\t\t\t<\/div>\n\t\t<\/div>\n\t\t\t\t\t<\/div>\n\t\t<\/section>\n\t\t\t\t<section class=\"has_eae_slider elementor-section elementor-top-section elementor-element elementor-element-fd2fd74 elementor-section-boxed elementor-section-height-default elementor-section-height-default\" data-id=\"fd2fd74\" data-element_type=\"section\">\n\t\t\t\t\t\t<div class=\"elementor-container elementor-column-gap-default\">\n\t\t\t\t\t<div class=\"has_eae_slider elementor-column elementor-col-33 elementor-top-column elementor-element elementor-element-261d3ac\" data-id=\"261d3ac\" data-element_type=\"column\">\n\t\t\t<div class=\"elementor-widget-wrap elementor-element-populated\">\n\t\t\t\t\t\t<div class=\"elementor-element elementor-element-0c223d1 elementor-widget elementor-widget-image\" data-id=\"0c223d1\" data-element_type=\"widget\" data-widget_type=\"image.default\">\n\t\t\t\t<div class=\"elementor-widget-container\">\n\t\t\t\t\t\t\t\t\t\t\t\t\t<img fetchpriority=\"high\" decoding=\"async\" width=\"768\" height=\"1046\" src=\"https:\/\/iglinski.pl\/wp-content\/uploads\/2019\/12\/artur-1.jpg\" class=\"attachment-medium_large size-medium_large wp-image-902\" alt=\"\" \/>\t\t\t\t\t\t\t\t\t\t\t\t\t<\/div>\n\t\t\t\t<\/div>\n\t\t\t\t\t<\/div>\n\t\t<\/div>\n\t\t\t\t<div class=\"has_eae_slider elementor-column elementor-col-66 elementor-top-column elementor-element elementor-element-7bb0479\" data-id=\"7bb0479\" data-element_type=\"column\">\n\t\t\t<div class=\"elementor-widget-wrap elementor-element-populated\">\n\t\t\t\t\t\t<div class=\"elementor-element elementor-element-88592a6 elementor-widget elementor-widget-heading\" data-id=\"88592a6\" data-element_type=\"widget\" data-widget_type=\"heading.default\">\n\t\t\t\t<div class=\"elementor-widget-container\">\n\t\t\t<div class=\"elementor-heading-title elementor-size-default\">Dr Artur Igli\u0144ski<\/div>\t\t<\/div>\n\t\t\t\t<\/div>\n\t\t\t\t<div class=\"elementor-element elementor-element-c4fd930 elementor-widget elementor-widget-heading\" data-id=\"c4fd930\" data-element_type=\"widget\" data-widget_type=\"heading.default\">\n\t\t\t\t<div class=\"elementor-widget-container\">\n\t\t\t<div class=\"elementor-heading-title elementor-size-default\">adwokat<\/div>\t\t<\/div>\n\t\t\t\t<\/div>\n\t\t\t\t<div class=\"elementor-element elementor-element-d948c8c elementor-widget elementor-widget-text-editor\" data-id=\"d948c8c\" data-element_type=\"widget\" data-widget_type=\"text-editor.default\">\n\t\t\t\t<div class=\"elementor-widget-container\">\n\t\t\t\t\t\t\t<p align=\"justify\">Specjalista w zakresie post\u0119powa\u0144 s\u0105dowych przeciwko instytucjom finansowym. Wyst\u0119powa\u0142 przeciwko bankom, ale ma tak\u017ce do\u015bwiadczenie w ich reprezentacji.\nOd blisko 20 lat dzia\u0142a w imieniu klient\u00f3w indywidualnych w trudnych sprawach s\u0105dowych i pozas\u0105dowych. W swojej karierze zawodowej reprezentowa\u0142 r\u00f3wnie\u017c najwi\u0119ksze przedsi\u0119biorstwa w Polsce.\nAbsolwent Wydzia\u0142u Prawa Uniwersytetu im. Adama Mickiewicza w Poznaniu. Studiowa\u0142 tak\u017ce na University of Canterbury (Wielka Brytania) oraz by\u0142 stypendyst\u0105 Fulbrighta na University of California, Berkeley (USA). Doktor nauk prawnych. Prac\u0119 doktorsk\u0105 \u201eNadu\u017cycie pozycji dominuj\u0105cej na przyk\u0142adzie praktyk cenowych w \u015bwietle prawa polskiego i ameryka\u0144skiego\u201d obroni\u0142 na UAM w Poznaniu.\nWyk\u0142adowca na Uniwersytecie Ekonomicznym w Poznaniu, adiunkt w Katedrze Prawa Gospodarczego w latach 2003 &#8211; 2011. Autor publikacji naukowych i ekspertyz. W latach 2004\u20132006 Cz\u0142onek Zarz\u0105du Polskiego Stowarzyszenia Stypendyst\u00f3w Fulbrighta.<\/p>\t\t\t\t\t\t<\/div>\n\t\t\t\t<\/div>\n\t\t\t\t\t<\/div>\n\t\t<\/div>\n\t\t\t\t\t<\/div>\n\t\t<\/section>\n\t\t\t\t<section class=\"has_eae_slider elementor-section elementor-top-section elementor-element elementor-element-ff89407 elementor-section-boxed elementor-section-height-default elementor-section-height-default\" data-id=\"ff89407\" data-element_type=\"section\">\n\t\t\t\t\t\t<div class=\"elementor-container elementor-column-gap-default\">\n\t\t\t\t\t<div class=\"has_eae_slider elementor-column elementor-col-33 elementor-top-column elementor-element elementor-element-4778e5a\" data-id=\"4778e5a\" data-element_type=\"column\">\n\t\t\t<div class=\"elementor-widget-wrap elementor-element-populated\">\n\t\t\t\t\t\t<div class=\"elementor-element elementor-element-19ce874 elementor-widget elementor-widget-image\" data-id=\"19ce874\" data-element_type=\"widget\" data-widget_type=\"image.default\">\n\t\t\t\t<div class=\"elementor-widget-container\">\n\t\t\t\t\t\t\t\t\t\t\t\t\t<img decoding=\"async\" width=\"768\" height=\"1150\" src=\"https:\/\/iglinski.pl\/wp-content\/uploads\/2019\/12\/KANCELARIA_-1.jpg\" class=\"attachment-medium_large size-medium_large wp-image-725\" alt=\"\" \/>\t\t\t\t\t\t\t\t\t\t\t\t\t<\/div>\n\t\t\t\t<\/div>\n\t\t\t\t\t<\/div>\n\t\t<\/div>\n\t\t\t\t<div class=\"has_eae_slider elementor-column elementor-col-66 elementor-top-column elementor-element elementor-element-5b2ba40\" data-id=\"5b2ba40\" data-element_type=\"column\">\n\t\t\t<div class=\"elementor-widget-wrap elementor-element-populated\">\n\t\t\t\t\t\t<div class=\"elementor-element elementor-element-10486aa elementor-widget elementor-widget-heading\" data-id=\"10486aa\" data-element_type=\"widget\" data-widget_type=\"heading.default\">\n\t\t\t\t<div class=\"elementor-widget-container\">\n\t\t\t<div class=\"elementor-heading-title elementor-size-default\">Marta Kaczmarek<\/div>\t\t<\/div>\n\t\t\t\t<\/div>\n\t\t\t\t<div class=\"elementor-element elementor-element-8118619 elementor-widget elementor-widget-heading\" data-id=\"8118619\" data-element_type=\"widget\" data-widget_type=\"heading.default\">\n\t\t\t\t<div class=\"elementor-widget-container\">\n\t\t\t<div class=\"elementor-heading-title elementor-size-default\">adwokat<\/div>\t\t<\/div>\n\t\t\t\t<\/div>\n\t\t\t\t<div class=\"elementor-element elementor-element-6e28c3f elementor-widget elementor-widget-text-editor\" data-id=\"6e28c3f\" data-element_type=\"widget\" data-widget_type=\"text-editor.default\">\n\t\t\t\t<div class=\"elementor-widget-container\">\n\t\t\t\t\t\t\t<p align=\"justify\">Adwokat, absolwentka Wydzia\u0142u Prawa i Administracji Uniwersytetu im. Adama Mickiewicza w Poznaniu, od 2008 roku cz\u0142onek Wielkopolskiej Izby Adwokackiej.Jej domen\u0105 jest prawo gospodarcze i prawo um\u00f3w, ze szczeg\u00f3lnym uwzgl\u0119dnieniem szeroko poj\u0119tego prawa nieruchomo\u015bci, oraz w prawo budowlane. W kr\u0119gu jej zainteresowa\u0144 mie\u015bci si\u0119 te\u017c prawo administracyjne, ma w dorobku wiele wygranych spraw przed s\u0105dami administracyjnymi, w tym Naczelnym S\u0105dem Administracyjnym.Specjalizuje si\u0119 w prawnym wsparciu biznesu, przede wszystkim sp\u00f3\u0142ek prawa handlowego i funduszy inwestycyjnych. Posiada bogate do\u015bwiadczenie z zakresu kompleksowej obs\u0142ugi prawnej procesu inwestycyjno-budowlanego.W ramach obs\u0142ugi podmiot\u00f3w gospodarczych, zajmuje si\u0119 negocjacjami, bie\u017c\u0105cym doradztwem i ocen\u0105 ryzyk prawnych prowadzonych i planowanych inwestycji, analiz\u0105 i sporz\u0105dzaniem um\u00f3w i pism, oraz obs\u0142ug\u0105 post\u0119powa\u0144 s\u0105dowych.W\u0142ada biegle j\u0119zykiem angielskim, w tym j\u0119zykiem prawniczym. Absolwentka studi\u00f3w filologicznych na Wydziale Neofilologii Uniwersytetu im. Adama Mickiewicza w Poznaniu.Komunikatywna, zaanga\u017cowana w prowadzone projekty, o probiznesowym podej\u015bciu.<\/p>\t\t\t\t\t\t<\/div>\n\t\t\t\t<\/div>\n\t\t\t\t\t<\/div>\n\t\t<\/div>\n\t\t\t\t\t<\/div>\n\t\t<\/section>\n\t\t\t\t<section class=\"has_eae_slider elementor-section elementor-top-section elementor-element elementor-element-6d7f1a0 elementor-section-boxed elementor-section-height-default elementor-section-height-default\" data-id=\"6d7f1a0\" data-element_type=\"section\">\n\t\t\t\t\t\t<div class=\"elementor-container elementor-column-gap-default\">\n\t\t\t\t\t<div class=\"has_eae_slider elementor-column elementor-col-33 elementor-top-column elementor-element elementor-element-8124176\" data-id=\"8124176\" data-element_type=\"column\">\n\t\t\t<div class=\"elementor-widget-wrap elementor-element-populated\">\n\t\t\t\t\t\t<div class=\"elementor-element elementor-element-ef28f80 elementor-widget elementor-widget-image\" data-id=\"ef28f80\" data-element_type=\"widget\" data-widget_type=\"image.default\">\n\t\t\t\t<div class=\"elementor-widget-container\">\n\t\t\t\t\t\t\t\t\t\t\t\t\t<img decoding=\"async\" width=\"768\" height=\"1150\" src=\"https:\/\/iglinski.pl\/wp-content\/uploads\/2019\/12\/KANCELARIA_-7-1.jpg\" class=\"attachment-medium_large size-medium_large wp-image-734\" alt=\"\" \/>\t\t\t\t\t\t\t\t\t\t\t\t\t<\/div>\n\t\t\t\t<\/div>\n\t\t\t\t\t<\/div>\n\t\t<\/div>\n\t\t\t\t<div class=\"has_eae_slider elementor-column elementor-col-66 elementor-top-column elementor-element elementor-element-15826cf\" data-id=\"15826cf\" data-element_type=\"column\">\n\t\t\t<div class=\"elementor-widget-wrap elementor-element-populated\">\n\t\t\t\t\t\t<div class=\"elementor-element elementor-element-3bb8fb8 elementor-widget elementor-widget-heading\" data-id=\"3bb8fb8\" data-element_type=\"widget\" data-widget_type=\"heading.default\">\n\t\t\t\t<div class=\"elementor-widget-container\">\n\t\t\t<div class=\"elementor-heading-title elementor-size-default\">Aleksandra Andrzejczak<\/div>\t\t<\/div>\n\t\t\t\t<\/div>\n\t\t\t\t<div class=\"elementor-element elementor-element-339ca03 elementor-widget elementor-widget-heading\" data-id=\"339ca03\" data-element_type=\"widget\" data-widget_type=\"heading.default\">\n\t\t\t\t<div class=\"elementor-widget-container\">\n\t\t\t<div class=\"elementor-heading-title elementor-size-default\">aDWOKAT<\/div>\t\t<\/div>\n\t\t\t\t<\/div>\n\t\t\t\t<div class=\"elementor-element elementor-element-135b903 elementor-widget elementor-widget-text-editor\" data-id=\"135b903\" data-element_type=\"widget\" data-widget_type=\"text-editor.default\">\n\t\t\t\t<div class=\"elementor-widget-container\">\n\t\t\t\t\t\t\tAbsolwentka i stypendystka Wydzia\u0142u Prawa i Administracji Uniwersytetu im. Adama Mickiewicza w Poznaniu (kierunek: prawo). Autorka artyku\u0142\u00f3w naukowych i prelegentka na og\u00f3lnopolskich konferencjach. Z Kancelari\u0105 zwi\u0105zana od czasu studi\u00f3w. W swojej praktyce zajmowa\u0142a si\u0119 m.in. sprawami cywilnymi, karnymi, pracowniczymi oraz os\u00f3b nieletnich. Udziela\u0142a pomocy prawnej zar\u00f3wno Klientom indywidualnym, jak i przedsi\u0119biorcom. Uko\u0144czy\u0142a aplikacj\u0119 adwokack\u0105 przy Wielkopolskiej Izbie Adwokackiej. Wiedz\u0119 prawnicz\u0105 pog\u0142\u0119bia\u0142a tak\u017ce podczas stacjonarnych studi\u00f3w doktoranckich. Posiada certyfikat w zakresie znajomo\u015bci prawniczego j\u0119zyka angielskiego Test of Legal English Skills (TOLES Higher). \t\t\t\t\t\t<\/div>\n\t\t\t\t<\/div>\n\t\t\t\t\t<\/div>\n\t\t<\/div>\n\t\t\t\t\t<\/div>\n\t\t<\/section>\n\t\t\t\t<section class=\"has_eae_slider elementor-section elementor-top-section elementor-element elementor-element-0487390 elementor-section-full_width elementor-section-height-default elementor-section-height-default\" data-id=\"0487390\" data-element_type=\"section\">\n\t\t\t\t\t\t<div class=\"elementor-container elementor-column-gap-default\">\n\t\t\t\t\t<div class=\"has_eae_slider elementor-column elementor-col-100 elementor-top-column elementor-element elementor-element-48f7dc0\" data-id=\"48f7dc0\" data-element_type=\"column\">\n\t\t\t<div class=\"elementor-widget-wrap elementor-element-populated\">\n\t\t\t\t\t\t<div class=\"elementor-element elementor-element-c2285d1 elementor-widget-divider--view-line_icon elementor-view-default elementor-widget-divider--element-align-center elementor-widget elementor-widget-divider\" data-id=\"c2285d1\" data-element_type=\"widget\" data-widget_type=\"divider.default\">\n\t\t\t\t<div class=\"elementor-widget-container\">\n\t\t\t\t\t<div class=\"elementor-divider\">\n\t\t\t<span class=\"elementor-divider-separator\">\n\t\t\t\t\t\t\t<div class=\"elementor-icon elementor-divider__element\">\n\t\t\t\t\t<svg xmlns=\"http:\/\/www.w3.org\/2000\/svg\" xmlns:xlink=\"http:\/\/www.w3.org\/1999\/xlink\" id=\"Capa_1\" x=\"0px\" y=\"0px\" viewBox=\"0 0 511.496 511.496\" style=\"enable-background:new 0 0 511.496 511.496;\" xml:space=\"preserve\"><g>\t<g>\t\t<g>\t\t\t<path d=\"M453.615,151.355l28.288-14.96c-5.317-10.048-11.293-19.733-17.888-28.992l-26.064,18.576     C443.731,134.08,448.964,142.557,453.615,151.355z\"><\/path>\t\t\t<path d=\"M419.055,102.891l23.36-21.872c-7.775-8.306-16.092-16.089-24.896-23.296l-20.256,24.768     C404.971,88.8,412.252,95.615,419.055,102.891z\"><\/path>\t\t\t<path d=\"M495.791,167.563l-30.032,11.04c42.696,116.111-16.819,244.849-132.93,287.544     c-116.111,42.696-244.849-16.819-287.544-132.93S62.104,88.369,178.214,45.674c64.469-23.706,136.251-16.523,194.744,19.49     l16.816-27.2C269.496-36.048,111.992,1.46,37.981,121.739S1.477,399.521,121.756,473.533     c120.279,74.011,277.783,36.504,351.794-83.775C514.62,323.013,522.816,241.123,495.791,167.563z\"><\/path>\t\t\t<polygon points=\"351.455,159.899 351.455,127.899 191.455,127.899 191.455,319.899 127.455,319.899 127.455,351.899      191.455,351.899 191.455,415.899 223.455,415.899 223.455,351.899 287.455,351.899 287.455,319.899 223.455,319.899      223.455,255.899 319.455,255.899 319.455,223.899 223.455,223.899 223.455,159.899    \"><\/polygon>\t\t<\/g>\t<\/g><\/g><g><\/g><g><\/g><g><\/g><g><\/g><g><\/g><g><\/g><g><\/g><g><\/g><g><\/g><g><\/g><g><\/g><g><\/g><g><\/g><g><\/g><g><\/g><\/svg><\/div>\n\t\t\t\t\t\t<\/span>\n\t\t<\/div>\n\t\t\t\t<\/div>\n\t\t\t\t<\/div>\n\t\t\t\t\t<\/div>\n\t\t<\/div>\n\t\t\t\t\t<\/div>\n\t\t<\/section>\n\t\t\t\t<\/div>\n\t\t","protected":false},"excerpt":{"rendered":"<p>Nasz Zesp\u00f3\u0142 O nas Chcemy dawa\u0107 wi\u0119cej. Do blisko 20 lat procesowego do\u015bwiadczenia dodajemy zaanga\u017cowanie, uczciwo\u015b\u0107, komunikatywno\u015b\u0107 i empati\u0119. \u00a0W skr\u00f3cie: fachowo\u015b\u0107 plus znacznie wi\u0119cej. Od lat realizowali\u015bmy w s\u0105dach sprawy trudne. Dlatego zaj\u0119li\u015bmy si\u0119 sprawami frankowymi. Zobacz nasze do\u015bwiadczenie. Dr Artur Igli\u0144ski adwokat Specjalista w zakresie post\u0119powa\u0144 s\u0105dowych przeciwko instytucjom finansowym. Wyst\u0119powa\u0142 przeciwko bankom, &hellip;<\/p>\n<p class=\"read-more\"> <a class=\"\" href=\"https:\/\/iglinski.pl\/index.php\/zespol\/\"> <span class=\"screen-reader-text\">Zesp\u00f3\u0142<\/span> Read More &raquo;<\/a><\/p>\n","protected":false},"author":1,"featured_media":0,"parent":0,"menu_order":0,"comment_status":"closed","ping_status":"closed","template":"","meta":{"_uag_custom_page_level_css":"","footnotes":""},"uagb_featured_image_src":{"full":false,"thumbnail":false,"medium":false,"medium_large":false,"large":false,"1536x1536":false,"2048x2048":false,"blog-list-post-size":false},"uagb_author_info":{"display_name":"amilek","author_link":"https:\/\/iglinski.pl\/index.php\/author\/mczarniecki\/"},"uagb_comment_info":0,"uagb_excerpt":"Nasz Zesp\u00f3\u0142 O nas Chcemy dawa\u0107 wi\u0119cej. Do blisko 20 lat procesowego do\u015bwiadczenia dodajemy zaanga\u017cowanie, uczciwo\u015b\u0107, komunikatywno\u015b\u0107 i empati\u0119. \u00a0W skr\u00f3cie: fachowo\u015b\u0107 plus znacznie wi\u0119cej. Od lat realizowali\u015bmy w s\u0105dach sprawy trudne. Dlatego zaj\u0119li\u015bmy si\u0119 sprawami frankowymi. Zobacz nasze do\u015bwiadczenie. Dr Artur Igli\u0144ski adwokat Specjalista w zakresie post\u0119powa\u0144 s\u0105dowych przeciwko instytucjom finansowym. Wyst\u0119powa\u0142 przeciwko bankom,&hellip;","_links":{"self":[{"href":"https:\/\/iglinski.pl\/index.php\/wp-json\/wp\/v2\/pages\/617"}],"collection":[{"href":"https:\/\/iglinski.pl\/index.php\/wp-json\/wp\/v2\/pages"}],"about":[{"href":"https:\/\/iglinski.pl\/index.php\/wp-json\/wp\/v2\/types\/page"}],"author":[{"embeddable":true,"href":"https:\/\/iglinski.pl\/index.php\/wp-json\/wp\/v2\/users\/1"}],"replies":[{"embeddable":true,"href":"https:\/\/iglinski.pl\/index.php\/wp-json\/wp\/v2\/comments?post=617"}],"version-history":[{"count":55,"href":"https:\/\/iglinski.pl\/index.php\/wp-json\/wp\/v2\/pages\/617\/revisions"}],"predecessor-version":[{"id":1244,"href":"https:\/\/iglinski.pl\/index.php\/wp-json\/wp\/v2\/pages\/617\/revisions\/1244"}],"wp:attachment":[{"href":"https:\/\/iglinski.pl\/index.php\/wp-json\/wp\/v2\/media?parent=617"}],"curies":[{"name":"wp","href":"https:\/\/api.w.org\/{rel}","templated":true}]}}